{"id":47,"date":"2025-12-22T17:55:04","date_gmt":"2025-12-22T17:55:04","guid":{"rendered":"https:\/\/privatelawyers.eu\/?page_id=47"},"modified":"2026-02-24T10:40:20","modified_gmt":"2026-02-24T10:40:20","slug":"contactos","status":"publish","type":"page","link":"https:\/\/privatelawyers.eu\/en\/contactos\/","title":{"rendered":"Contacts"},"content":{"rendered":"<p>The contacts below are intended exclusively for institutional and professional communications related to the company's activities.<br \/>\nPrivateLawyers operates predominantly in an institutional context, providing legal advice to entities and organizations in the areas of practice described on this website.<\/p>","protected":false},"excerpt":{"rendered":"<p>Os contactos abaixo destinam-se exclusivamente a comunica\u00e7\u00f5es institucionais e profissionais relacionadas com a atividade da sociedade. A PrivateLawyers atua predominantemente em contexto institucional, prestando assessoria jur\u00eddica a entidades e organiza\u00e7\u00f5es no \u00e2mbito das \u00e1reas de atua\u00e7\u00e3o descritas neste website.<\/p>","protected":false},"author":1,"featured_media":128,"parent":0,"menu_order":0,"comment_status":"closed","ping_status":"closed","template":"page-contactos.php","meta":{"_acf_changed":false,"footnotes":""},"class_list":["post-47","page","type-page","status-publish","has-post-thumbnail","hentry"],"acf":[],"_links":{"self":[{"href":"https:\/\/privatelawyers.eu\/en\/wp-json\/wp\/v2\/pages\/47","targetHints":{"allow":["GET"]}}],"collection":[{"href":"https:\/\/privatelawyers.eu\/en\/wp-json\/wp\/v2\/pages"}],"about":[{"href":"https:\/\/privatelawyers.eu\/en\/wp-json\/wp\/v2\/types\/page"}],"author":[{"embeddable":true,"href":"https:\/\/privatelawyers.eu\/en\/wp-json\/wp\/v2\/users\/1"}],"replies":[{"embeddable":true,"href":"https:\/\/privatelawyers.eu\/en\/wp-json\/wp\/v2\/comments?post=47"}],"version-history":[{"count":11,"href":"https:\/\/privatelawyers.eu\/en\/wp-json\/wp\/v2\/pages\/47\/revisions"}],"predecessor-version":[{"id":131,"href":"https:\/\/privatelawyers.eu\/en\/wp-json\/wp\/v2\/pages\/47\/revisions\/131"}],"wp:featuredmedia":[{"embeddable":true,"href":"https:\/\/privatelawyers.eu\/en\/wp-json\/wp\/v2\/media\/128"}],"wp:attachment":[{"href":"https:\/\/privatelawyers.eu\/en\/wp-json\/wp\/v2\/media?parent=47"}],"curies":[{"name":"wp","href":"https:\/\/api.w.org\/{rel}","templated":true}]}}