{"id":28,"date":"2025-12-22T16:27:28","date_gmt":"2025-12-22T16:27:28","guid":{"rendered":"https:\/\/privatelawyers.eu\/?page_id=28"},"modified":"2026-02-24T12:10:47","modified_gmt":"2026-02-24T12:10:47","slug":"servicos","status":"publish","type":"page","link":"https:\/\/privatelawyers.eu\/en\/servicos\/","title":{"rendered":"Services"},"content":{"rendered":"<p>A interven\u00e7\u00e3o da Private Lawyers organiza-se em torno de projetos jur\u00eddicos que exigem acompanhamento pr\u00f3ximo, m\u00e9todo e capacidade de execu\u00e7\u00e3o.<\/p>","protected":false},"excerpt":{"rendered":"<p>A interven\u00e7\u00e3o da Private Lawyers organiza-se em torno de projetos jur\u00eddicos que exigem acompanhamento pr\u00f3ximo, m\u00e9todo e capacidade de execu\u00e7\u00e3o.<\/p>","protected":false},"author":1,"featured_media":136,"parent":0,"menu_order":0,"comment_status":"closed","ping_status":"closed","template":"page-servicos.php","meta":{"_acf_changed":false,"footnotes":""},"class_list":["post-28","page","type-page","status-publish","has-post-thumbnail","hentry"],"acf":[],"_links":{"self":[{"href":"https:\/\/privatelawyers.eu\/en\/wp-json\/wp\/v2\/pages\/28","targetHints":{"allow":["GET"]}}],"collection":[{"href":"https:\/\/privatelawyers.eu\/en\/wp-json\/wp\/v2\/pages"}],"about":[{"href":"https:\/\/privatelawyers.eu\/en\/wp-json\/wp\/v2\/types\/page"}],"author":[{"embeddable":true,"href":"https:\/\/privatelawyers.eu\/en\/wp-json\/wp\/v2\/users\/1"}],"replies":[{"embeddable":true,"href":"https:\/\/privatelawyers.eu\/en\/wp-json\/wp\/v2\/comments?post=28"}],"version-history":[{"count":6,"href":"https:\/\/privatelawyers.eu\/en\/wp-json\/wp\/v2\/pages\/28\/revisions"}],"predecessor-version":[{"id":137,"href":"https:\/\/privatelawyers.eu\/en\/wp-json\/wp\/v2\/pages\/28\/revisions\/137"}],"wp:featuredmedia":[{"embeddable":true,"href":"https:\/\/privatelawyers.eu\/en\/wp-json\/wp\/v2\/media\/136"}],"wp:attachment":[{"href":"https:\/\/privatelawyers.eu\/en\/wp-json\/wp\/v2\/media?parent=28"}],"curies":[{"name":"wp","href":"https:\/\/api.w.org\/{rel}","templated":true}]}}