{"id":2,"date":"2025-12-22T14:43:55","date_gmt":"2025-12-22T14:43:55","guid":{"rendered":"https:\/\/privatelawyers.eu\/?page_id=2"},"modified":"2026-02-24T12:13:00","modified_gmt":"2026-02-24T12:13:00","slug":"quem-somos","status":"publish","type":"page","link":"https:\/\/privatelawyers.eu\/en\/quem-somos\/","title":{"rendered":"About Us"},"content":{"rendered":"<p>A Private Lawyers \u00e9 uma sociedade de advogados que atua em contextos jur\u00eddicos exigentes, acompanhando projetos com uma abordagem estruturada e orientada para a decis\u00e3o.<br \/>\nTrabalhamos lado a lado com quem assessoramos, assumindo cada projeto como pr\u00f3prio e mobilizando os recursos necess\u00e1rios para lhe dar resposta, com m\u00e9todo, responsabilidade e vis\u00e3o de longo prazo.<\/p>","protected":false},"excerpt":{"rendered":"<p>A Private Lawyers \u00e9 uma sociedade de advogados que atua em contextos jur\u00eddicos exigentes, acompanhando projetos com uma abordagem estruturada e orientada para a decis\u00e3o. Trabalhamos lado a lado com quem assessoramos, assumindo cada projeto como pr\u00f3prio e mobilizando os recursos necess\u00e1rios para lhe dar resposta, com m\u00e9todo, responsabilidade e vis\u00e3o de longo prazo.<\/p>","protected":false},"author":1,"featured_media":138,"parent":0,"menu_order":0,"comment_status":"closed","ping_status":"open","template":"page-about.php","meta":{"_acf_changed":false,"footnotes":""},"class_list":["post-2","page","type-page","status-publish","has-post-thumbnail","hentry"],"acf":[],"_links":{"self":[{"href":"https:\/\/privatelawyers.eu\/en\/wp-json\/wp\/v2\/pages\/2","targetHints":{"allow":["GET"]}}],"collection":[{"href":"https:\/\/privatelawyers.eu\/en\/wp-json\/wp\/v2\/pages"}],"about":[{"href":"https:\/\/privatelawyers.eu\/en\/wp-json\/wp\/v2\/types\/page"}],"author":[{"embeddable":true,"href":"https:\/\/privatelawyers.eu\/en\/wp-json\/wp\/v2\/users\/1"}],"replies":[{"embeddable":true,"href":"https:\/\/privatelawyers.eu\/en\/wp-json\/wp\/v2\/comments?post=2"}],"version-history":[{"count":11,"href":"https:\/\/privatelawyers.eu\/en\/wp-json\/wp\/v2\/pages\/2\/revisions"}],"predecessor-version":[{"id":135,"href":"https:\/\/privatelawyers.eu\/en\/wp-json\/wp\/v2\/pages\/2\/revisions\/135"}],"wp:featuredmedia":[{"embeddable":true,"href":"https:\/\/privatelawyers.eu\/en\/wp-json\/wp\/v2\/media\/138"}],"wp:attachment":[{"href":"https:\/\/privatelawyers.eu\/en\/wp-json\/wp\/v2\/media?parent=2"}],"curies":[{"name":"wp","href":"https:\/\/api.w.org\/{rel}","templated":true}]}}